{"id":2224,"date":"2021-11-12T09:30:50","date_gmt":"2021-11-12T08:30:50","guid":{"rendered":"https:\/\/compfittgroup.com\/cases\/"},"modified":"2021-11-17T11:24:01","modified_gmt":"2021-11-17T10:24:01","slug":"cases","status":"publish","type":"page","link":"https:\/\/compfittgroup.com\/de\/cases\/","title":{"rendered":"Cases"},"content":{"rendered":"<section class=\"wpb-content-wrapper\"><p>[vc_row full_width=&#8220;stretch_row&#8220;][vc_column]<div class=\"ult-spacer spacer-69d287103a207\" data-id=\"69d287103a207\" data-height=\"90\" data-height-mobile=\"60\" data-height-tab=\"90\" data-height-tab-portrait=\"60\" data-height-mobile-landscape=\"60\" style=\"clear:both;display:block;\"><\/div>[\/vc_column][\/vc_row][vc_row full_width=&#8220;stretch_row&#8220;][vc_column width=&#8220;1\/6&#8243;][\/vc_column][vc_column width=&#8220;2\/3&#8243;][vc_column_text]<\/p>\n<h1 style=\"text-align: center;\">Cases<\/h1>\n<h3 style=\"text-align: center;\">Auf diese Projekte sind wir stolz<\/h3>\n<p>[\/vc_column_text][\/vc_column][vc_column width=&#8220;1\/6&#8243;][\/vc_column][\/vc_row][vc_row full_width=&#8220;stretch_row&#8220;][vc_column]<div class=\"ult-spacer spacer-69d287103a25d\" data-id=\"69d287103a25d\" data-height=\"90\" data-height-mobile=\"60\" data-height-tab=\"90\" data-height-tab-portrait=\"60\" data-height-mobile-landscape=\"60\" style=\"clear:both;display:block;\"><\/div>[\/vc_column][\/vc_row][vc_row full_width=&#8220;stretch_row&#8220;][vc_column offset=&#8220;vc_col-lg-6 vc_col-md-6&#8243;][vc_row_inner css=&#8220;.vc_custom_1611568136426{margin-right: 0px !important;margin-left: 0px !important;padding-top: 30px !important;padding-right: 30px !important;padding-bottom: 30px !important;padding-left: 30px !important;background-color: #f7f7f7 !important;}&#8220;][vc_column_inner][vc_column_text]<em>\u201e<\/em>Gute Kommunikation, speziell f\u00fcr uns entworfene Komponenten, die zu unseren Produkten passen, Lieferservice und Qualit\u00e4t haben bei Compfitt oberste Priorit\u00e4t.<em>\u201c<\/em><\/p>\n<p><strong>Hans Joachim Multhaupt<\/strong><\/p>\n<p>Techniker<br \/>\nNORD Drivesystem[\/vc_column_text][\/vc_column_inner][\/vc_row_inner]<div class=\"ult-spacer spacer-69d287103a294\" data-id=\"69d287103a294\" data-height=\"0\" data-height-mobile=\"30\" data-height-tab=\"0\" data-height-tab-portrait=\"30\" data-height-mobile-landscape=\"30\" style=\"clear:both;display:block;\"><\/div>[\/vc_column][vc_column offset=&#8220;vc_col-lg-6 vc_col-md-6&#8243;][vc_row_inner css=&#8220;.vc_custom_1611568136426{margin-right: 0px !important;margin-left: 0px !important;padding-top: 30px !important;padding-right: 30px !important;padding-bottom: 30px !important;padding-left: 30px !important;background-color: #f7f7f7 !important;}&#8220;][vc_column_inner][vc_column_text]<em>\u201eCompfitt liefert Profile und Komponenten f\u00fcr unsere wichtigsten Produkte, da k\u00f6nnen wir keine Kompromisse eingehen. Wenn ich eine Bestellung an Compfitt rausgebe, kann ich ruhig schlafen.<br \/>\nDas Besondere an Compfitt ist der Service, den Ulla und Knud bieten. Sie haben fast immer sofort Zeit f\u00fcr mich oder rufen mich zur\u00fcck, sobald sie k\u00f6nnen.<\/em><em>\u201c<\/em><\/p>\n<p><strong>Kian Christensen<\/strong><\/p>\n<p>Einkauf &amp; Produktion<br \/>\nLamipro[\/vc_column_text][\/vc_column_inner][\/vc_row_inner]<div class=\"ult-spacer spacer-69d287103a2bb\" data-id=\"69d287103a2bb\" data-height=\"60\" data-height-mobile=\"30\" data-height-tab=\"60\" data-height-tab-portrait=\"30\" data-height-mobile-landscape=\"30\" style=\"clear:both;display:block;\"><\/div>[vc_row_inner css=&#8220;.vc_custom_1611568136426{margin-right: 0px !important;margin-left: 0px !important;padding-top: 30px !important;padding-right: 30px !important;padding-bottom: 30px !important;padding-left: 30px !important;background-color: #f7f7f7 !important;}&#8220;][vc_column_inner][vc_column_text]<em>\u201eDie Compfitt Group bringt uns echten Mehrwert und liefert die Produkte, die wir brauchen, zu einem vern\u00fcnftigen Preis.<br \/>\nUnd sie halten uns immer \u00fcber Verz\u00f6gerungen oder andere Dinge auf dem Laufenden, auf die wir achten m\u00fcssen, zum Beispiel in Bezug auf das chinesische Neujahrsfest.\u201c<\/em><\/p>\n<p><strong>John Christensen<\/strong><\/p>\n<p>Einkaufschef<br \/>\nA\/S J. PETERSENS BESLAGFABRIK[\/vc_column_text][\/vc_column_inner][\/vc_row_inner][\/vc_column][\/vc_row][vc_row full_width=&#8220;stretch_row_content&#8220; css=&#8220;.vc_custom_1591104434986{padding-right: 30px !important;padding-left: 30px !important;}&#8220;][vc_column]<div class=\"ult-spacer spacer-69d287103a2dd\" data-id=\"69d287103a2dd\" data-height=\"90\" data-height-mobile=\"60\" data-height-tab=\"90\" data-height-tab-portrait=\"60\" data-height-mobile-landscape=\"60\" style=\"clear:both;display:block;\"><\/div>[vc_row_inner][vc_column_inner width=&#8220;1\/4&#8243;][\/vc_column_inner][vc_column_inner width=&#8220;1\/2&#8243;][vc_media_grid element_width=&#8220;3&#8243; grid_id=&#8220;vc_gid:1637144777386-10baa1bd-a7d2-4&#8243; include=&#8220;2193,2194,2195,2196,2197,2198,2199,2200,2201,2202,2203,2204&#8243;][vc_empty_space height=&#8220;15px&#8220;][vc_column_text][\/vc_column_text][\/vc_column_inner][vc_column_inner width=&#8220;1\/4&#8243;][\/vc_column_inner][\/vc_row_inner]<div class=\"ult-spacer spacer-69d287103a306\" data-id=\"69d287103a306\" data-height=\"90\" data-height-mobile=\"60\" data-height-tab=\"90\" data-height-tab-portrait=\"60\" data-height-mobile-landscape=\"60\" style=\"clear:both;display:block;\"><\/div>[\/vc_column][\/vc_row][vc_row full_width=&#8220;stretch_row&#8220;][vc_column width=&#8220;1\/6&#8243;][\/vc_column][vc_column width=&#8220;2\/3&#8243;][vc_widget_sidebar sidebar_id=&#8220;sidebar-1&#8243;]<div class=\"ult-spacer spacer-69d287103a326\" data-id=\"69d287103a326\" data-height=\"90\" data-height-mobile=\"60\" data-height-tab=\"90\" data-height-tab-portrait=\"60\" data-height-mobile-landscape=\"60\" style=\"clear:both;display:block;\"><\/div>[\/vc_column][vc_column width=&#8220;1\/6&#8243;][\/vc_column][\/vc_row]<\/p>\n<\/section>","protected":false},"excerpt":{"rendered":"<p>[vc_row full_width=&#8220;stretch_row&#8220;][vc_column][\/vc_column][\/vc_row][vc_row full_width=&#8220;stretch_row&#8220;][vc_column width=&#8220;1\/6&#8243;][\/vc_column][vc_column width=&#8220;2\/3&#8243;][vc_column_text] Cases Auf diese Projekte sind wir stolz [\/vc_column_text][\/vc_column][vc_column width=&#8220;1\/6&#8243;][\/vc_column][\/vc_row][vc_row full_width=&#8220;stretch_row&#8220;][vc_column][\/vc_column][\/vc_row][vc_row full_width=&#8220;stretch_row&#8220;][vc_column offset=&#8220;vc_col-lg-6 vc_col-md-6&#8243;][vc_row_inner css=&#8220;.vc_custom_1611568136426{margin-right: 0px !important;margin-left: 0px !important;padding-top: 30px !important;padding-right: 30px !important;padding-bottom: 30px !important;padding-left: 30px !important;background-color: #f7f7f7 !important;}&#8220;][vc_column_inner][vc_column_text]\u201eGute Kommunikation, speziell f\u00fcr uns entworfene Komponenten, die zu unseren Produkten passen, Lieferservice und Qualit\u00e4t haben bei Compfitt oberste Priorit\u00e4t.\u201c Hans Joachim Multhaupt &#8230; <a title=\"Cases\" class=\"read-more\" href=\"https:\/\/compfittgroup.com\/de\/cases\/\" aria-label=\"Mehr Informationen \u00fcber Cases\">Weiterlesen<\/a><\/p>\n","protected":false},"author":1,"featured_media":0,"parent":0,"menu_order":7,"comment_status":"closed","ping_status":"closed","template":"","meta":{"content-type":"","footnotes":""},"categories":[],"class_list":["post-2224","page","type-page","status-publish"],"yoast_head":"<!-- This site is optimized with the Yoast SEO plugin v27.3 - https:\/\/yoast.com\/product\/yoast-seo-wordpress\/ -->\n<title>Cases - COMPFITT A\/S<\/title>\n<meta name=\"robots\" content=\"index, follow, max-snippet:-1, max-image-preview:large, max-video-preview:-1\" \/>\n<link rel=\"canonical\" href=\"https:\/\/compfittgroup.com\/de\/cases\/\" \/>\n<meta property=\"og:locale\" content=\"de_DE\" \/>\n<meta property=\"og:type\" content=\"article\" \/>\n<meta property=\"og:title\" content=\"Cases - COMPFITT A\/S\" \/>\n<meta property=\"og:description\" content=\"[vc_row full_width=&#8220;stretch_row&#8220;][vc_column][\/vc_column][\/vc_row][vc_row full_width=&#8220;stretch_row&#8220;][vc_column width=&#8220;1\/6&#8243;][\/vc_column][vc_column width=&#8220;2\/3&#8243;][vc_column_text] Cases Auf diese Projekte sind wir stolz [\/vc_column_text][\/vc_column][vc_column width=&#8220;1\/6&#8243;][\/vc_column][\/vc_row][vc_row full_width=&#8220;stretch_row&#8220;][vc_column][\/vc_column][\/vc_row][vc_row full_width=&#8220;stretch_row&#8220;][vc_column offset=&#8220;vc_col-lg-6 vc_col-md-6&#8243;][vc_row_inner css=&#8220;.vc_custom_1611568136426{margin-right: 0px !important;margin-left: 0px !important;padding-top: 30px !important;padding-right: 30px !important;padding-bottom: 30px !important;padding-left: 30px !important;background-color: #f7f7f7 !important;}&#8220;][vc_column_inner][vc_column_text]\u201eGute Kommunikation, speziell f\u00fcr uns entworfene Komponenten, die zu unseren Produkten passen, Lieferservice und Qualit\u00e4t haben bei Compfitt oberste Priorit\u00e4t.\u201c Hans Joachim Multhaupt ... Weiterlesen\" \/>\n<meta property=\"og:url\" content=\"https:\/\/compfittgroup.com\/de\/cases\/\" \/>\n<meta property=\"og:site_name\" content=\"COMPFITT A\/S\" \/>\n<meta property=\"article:modified_time\" content=\"2021-11-17T10:24:01+00:00\" \/>\n<meta name=\"twitter:card\" content=\"summary_large_image\" \/>\n<meta name=\"twitter:label1\" content=\"Gesch\u00e4tzte Lesezeit\" \/>\n\t<meta name=\"twitter:data1\" content=\"3\u00a0Minuten\" \/>\n<script type=\"application\/ld+json\" class=\"yoast-schema-graph\">{\"@context\":\"https:\\\/\\\/schema.org\",\"@graph\":[{\"@type\":\"WebPage\",\"@id\":\"https:\\\/\\\/compfittgroup.com\\\/de\\\/cases\\\/\",\"url\":\"https:\\\/\\\/compfittgroup.com\\\/de\\\/cases\\\/\",\"name\":\"Cases - COMPFITT A\\\/S\",\"isPartOf\":{\"@id\":\"https:\\\/\\\/compfittgroup.com\\\/de\\\/#website\"},\"datePublished\":\"2021-11-12T08:30:50+00:00\",\"dateModified\":\"2021-11-17T10:24:01+00:00\",\"breadcrumb\":{\"@id\":\"https:\\\/\\\/compfittgroup.com\\\/de\\\/cases\\\/#breadcrumb\"},\"inLanguage\":\"de\",\"potentialAction\":[{\"@type\":\"ReadAction\",\"target\":[\"https:\\\/\\\/compfittgroup.com\\\/de\\\/cases\\\/\"]}]},{\"@type\":\"BreadcrumbList\",\"@id\":\"https:\\\/\\\/compfittgroup.com\\\/de\\\/cases\\\/#breadcrumb\",\"itemListElement\":[{\"@type\":\"ListItem\",\"position\":1,\"name\":\"Hjem\",\"item\":\"https:\\\/\\\/compfittgroup.com\\\/de\\\/startseite\\\/\"},{\"@type\":\"ListItem\",\"position\":2,\"name\":\"Cases\"}]},{\"@type\":\"WebSite\",\"@id\":\"https:\\\/\\\/compfittgroup.com\\\/de\\\/#website\",\"url\":\"https:\\\/\\\/compfittgroup.com\\\/de\\\/\",\"name\":\"COMPFITT A\\\/S\",\"description\":\"Compfitt \u2013 en datadrevet handels- og sourcingvirksomhed\",\"publisher\":{\"@id\":\"https:\\\/\\\/compfittgroup.com\\\/de\\\/#organization\"},\"potentialAction\":[{\"@type\":\"SearchAction\",\"target\":{\"@type\":\"EntryPoint\",\"urlTemplate\":\"https:\\\/\\\/compfittgroup.com\\\/de\\\/?s={search_term_string}\"},\"query-input\":{\"@type\":\"PropertyValueSpecification\",\"valueRequired\":true,\"valueName\":\"search_term_string\"}}],\"inLanguage\":\"de\"},{\"@type\":\"Organization\",\"@id\":\"https:\\\/\\\/compfittgroup.com\\\/de\\\/#organization\",\"name\":\"COMPFITT A\\\/S\",\"url\":\"https:\\\/\\\/compfittgroup.com\\\/de\\\/\",\"logo\":{\"@type\":\"ImageObject\",\"inLanguage\":\"de\",\"@id\":\"https:\\\/\\\/compfittgroup.com\\\/de\\\/#\\\/schema\\\/logo\\\/image\\\/\",\"url\":\"https:\\\/\\\/compfittgroup.com\\\/wp-content\\\/uploads\\\/2020\\\/11\\\/logo.png\",\"contentUrl\":\"https:\\\/\\\/compfittgroup.com\\\/wp-content\\\/uploads\\\/2020\\\/11\\\/logo.png\",\"width\":311,\"height\":88,\"caption\":\"COMPFITT A\\\/S\"},\"image\":{\"@id\":\"https:\\\/\\\/compfittgroup.com\\\/de\\\/#\\\/schema\\\/logo\\\/image\\\/\"}}]}<\/script>\n<!-- \/ Yoast SEO plugin. -->","yoast_head_json":{"title":"Cases - COMPFITT A\/S","robots":{"index":"index","follow":"follow","max-snippet":"max-snippet:-1","max-image-preview":"max-image-preview:large","max-video-preview":"max-video-preview:-1"},"canonical":"https:\/\/compfittgroup.com\/de\/cases\/","og_locale":"de_DE","og_type":"article","og_title":"Cases - COMPFITT A\/S","og_description":"[vc_row full_width=&#8220;stretch_row&#8220;][vc_column][\/vc_column][\/vc_row][vc_row full_width=&#8220;stretch_row&#8220;][vc_column width=&#8220;1\/6&#8243;][\/vc_column][vc_column width=&#8220;2\/3&#8243;][vc_column_text] Cases Auf diese Projekte sind wir stolz [\/vc_column_text][\/vc_column][vc_column width=&#8220;1\/6&#8243;][\/vc_column][\/vc_row][vc_row full_width=&#8220;stretch_row&#8220;][vc_column][\/vc_column][\/vc_row][vc_row full_width=&#8220;stretch_row&#8220;][vc_column offset=&#8220;vc_col-lg-6 vc_col-md-6&#8243;][vc_row_inner css=&#8220;.vc_custom_1611568136426{margin-right: 0px !important;margin-left: 0px !important;padding-top: 30px !important;padding-right: 30px !important;padding-bottom: 30px !important;padding-left: 30px !important;background-color: #f7f7f7 !important;}&#8220;][vc_column_inner][vc_column_text]\u201eGute Kommunikation, speziell f\u00fcr uns entworfene Komponenten, die zu unseren Produkten passen, Lieferservice und Qualit\u00e4t haben bei Compfitt oberste Priorit\u00e4t.\u201c Hans Joachim Multhaupt ... Weiterlesen","og_url":"https:\/\/compfittgroup.com\/de\/cases\/","og_site_name":"COMPFITT A\/S","article_modified_time":"2021-11-17T10:24:01+00:00","twitter_card":"summary_large_image","twitter_misc":{"Gesch\u00e4tzte Lesezeit":"3\u00a0Minuten"},"schema":{"@context":"https:\/\/schema.org","@graph":[{"@type":"WebPage","@id":"https:\/\/compfittgroup.com\/de\/cases\/","url":"https:\/\/compfittgroup.com\/de\/cases\/","name":"Cases - COMPFITT A\/S","isPartOf":{"@id":"https:\/\/compfittgroup.com\/de\/#website"},"datePublished":"2021-11-12T08:30:50+00:00","dateModified":"2021-11-17T10:24:01+00:00","breadcrumb":{"@id":"https:\/\/compfittgroup.com\/de\/cases\/#breadcrumb"},"inLanguage":"de","potentialAction":[{"@type":"ReadAction","target":["https:\/\/compfittgroup.com\/de\/cases\/"]}]},{"@type":"BreadcrumbList","@id":"https:\/\/compfittgroup.com\/de\/cases\/#breadcrumb","itemListElement":[{"@type":"ListItem","position":1,"name":"Hjem","item":"https:\/\/compfittgroup.com\/de\/startseite\/"},{"@type":"ListItem","position":2,"name":"Cases"}]},{"@type":"WebSite","@id":"https:\/\/compfittgroup.com\/de\/#website","url":"https:\/\/compfittgroup.com\/de\/","name":"COMPFITT A\/S","description":"Compfitt \u2013 en datadrevet handels- og sourcingvirksomhed","publisher":{"@id":"https:\/\/compfittgroup.com\/de\/#organization"},"potentialAction":[{"@type":"SearchAction","target":{"@type":"EntryPoint","urlTemplate":"https:\/\/compfittgroup.com\/de\/?s={search_term_string}"},"query-input":{"@type":"PropertyValueSpecification","valueRequired":true,"valueName":"search_term_string"}}],"inLanguage":"de"},{"@type":"Organization","@id":"https:\/\/compfittgroup.com\/de\/#organization","name":"COMPFITT A\/S","url":"https:\/\/compfittgroup.com\/de\/","logo":{"@type":"ImageObject","inLanguage":"de","@id":"https:\/\/compfittgroup.com\/de\/#\/schema\/logo\/image\/","url":"https:\/\/compfittgroup.com\/wp-content\/uploads\/2020\/11\/logo.png","contentUrl":"https:\/\/compfittgroup.com\/wp-content\/uploads\/2020\/11\/logo.png","width":311,"height":88,"caption":"COMPFITT A\/S"},"image":{"@id":"https:\/\/compfittgroup.com\/de\/#\/schema\/logo\/image\/"}}]}},"_links":{"self":[{"href":"https:\/\/compfittgroup.com\/de\/wp-json\/wp\/v2\/pages\/2224","targetHints":{"allow":["GET"]}}],"collection":[{"href":"https:\/\/compfittgroup.com\/de\/wp-json\/wp\/v2\/pages"}],"about":[{"href":"https:\/\/compfittgroup.com\/de\/wp-json\/wp\/v2\/types\/page"}],"author":[{"embeddable":true,"href":"https:\/\/compfittgroup.com\/de\/wp-json\/wp\/v2\/users\/1"}],"replies":[{"embeddable":true,"href":"https:\/\/compfittgroup.com\/de\/wp-json\/wp\/v2\/comments?post=2224"}],"version-history":[{"count":9,"href":"https:\/\/compfittgroup.com\/de\/wp-json\/wp\/v2\/pages\/2224\/revisions"}],"predecessor-version":[{"id":2272,"href":"https:\/\/compfittgroup.com\/de\/wp-json\/wp\/v2\/pages\/2224\/revisions\/2272"}],"wp:attachment":[{"href":"https:\/\/compfittgroup.com\/de\/wp-json\/wp\/v2\/media?parent=2224"}],"wp:term":[{"taxonomy":"category","embeddable":true,"href":"https:\/\/compfittgroup.com\/de\/wp-json\/wp\/v2\/categories?post=2224"}],"curies":[{"name":"wp","href":"https:\/\/api.w.org\/{rel}","templated":true}]}}