{"id":2282,"date":"2021-12-01T10:31:11","date_gmt":"2021-12-01T09:31:11","guid":{"rendered":"https:\/\/compfittgroup.com\/ueber-compfitt\/"},"modified":"2021-12-01T10:42:30","modified_gmt":"2021-12-01T09:42:30","slug":"ueber-compfitt","status":"publish","type":"page","link":"https:\/\/compfittgroup.com\/de\/ueber-compfitt\/","title":{"rendered":"\u00dcber Compfitt"},"content":{"rendered":"<section class=\"wpb-content-wrapper\"><p>[vc_row full_width=&#8220;stretch_row&#8220;][vc_column]<div class=\"ult-spacer spacer-69d286ac6dc89\" data-id=\"69d286ac6dc89\" data-height=\"90\" data-height-mobile=\"60\" data-height-tab=\"90\" data-height-tab-portrait=\"60\" data-height-mobile-landscape=\"60\" style=\"clear:both;display:block;\"><\/div>[\/vc_column][\/vc_row][vc_row full_width=&#8220;stretch_row&#8220;][vc_column offset=&#8220;vc_col-lg-8 vc_col-md-8 vc_col-xs-12&#8243;][vc_column_text]<\/p>\n<h1>\u00dcber Compfitt<\/h1>\n<h3>Wir gehen immer noch einen Schritt weiter \u2013 damit Sie es nicht ben\u00f6tigen<\/h3>\n<p>Compfitt ist ein Handels- und Beschaffungsunternehmen mit d\u00e4nischen und chinesischen Fachangestellten. Wir waren in China, bevor das Ganze zum Trend wurde, und haben den ganzen l\u00e4stigen Kleinkram bereits hinter uns, damit Sie sich auf wichtigere Aufgaben konzentrieren k\u00f6nnen.<\/p>\n<p>Wir sind sowohl in Europa als auch in China\u00a0<a href=\"https:\/\/compfittgroup.com\/de\/zertifizierungen\/\">gem\u00e4\u00df ISO9001 zertifiziert<\/a> \u2013 und wenn Sie sich zu einer Zusammenarbeit mit uns entscheiden, arbeiten Sie mit d\u00e4nischen Sublieferanten zusammen.\u00a0<a href=\"https:\/\/compfittgroup.com\/de\/wie-wir-arbeiten\/#section6\">Und zwar zu deutschen Einkaufsbedingungen.<\/a><\/p>\n<h3>Hands-On-Erfahrungen in China<\/h3>\n<p>Wir helfen Industrieunternehmen mit Serienfertigung aus unterschiedlichsten Branchen dabei, <a href=\"https:\/\/compfittgroup.com\/de\/wie-wir-arbeiten\/#section3\">Komponenten und Systeme<\/a> bei wettbewerbsf\u00e4higeren und <a href=\"https:\/\/compfittgroup.com\/de\/wie-wir-arbeiten\/#section2\">qualit\u00e4tsgesicherten<\/a> Sublieferanten in China herstellen zu lassen. Wir haben die vergangenen 22 Jahre damit verbracht, chinesische Produzenten aufzusp\u00fcren, zu schulen und mit ihnen zusammenzuarbeiten.<\/p>\n<p>Sie erhalten Zugang zu unserem sorgf\u00e4ltig ausgew\u00e4hlten Netzwerk von Produktionspartnern in China, mit denen wir gemeinsam eine effektive Produktion in der gew\u00fcnschten Qualit\u00e4t gew\u00e4hrleisten.<\/p>\n<h3>Bei uns gibt es keine b\u00f6sen \u00dcberraschungen<\/h3>\n<p>Compfitt ist ein datengest\u00fctztes Unternehmen, das im Namen seiner Kunden in die Zukunft blickt. Bei uns sind Ehrlichkeit und direkte Kommunikation das A und O in s\u00e4mtlichen Phasen des Gesch\u00e4fts und dank unserer tiefsch\u00fcrfenden Kenntnisse in Bezug auf die chinesische Kultur und die Produktionsbedingungen in China ist gew\u00e4hrleistet, dass keine b\u00f6sen \u00dcberraschungen auf Sie warten. Wenn Sie mit uns zusammenarbeiten, bekommen Sie genau das, was vereinbart wurde. Und noch ein bisschen mehr.<\/p>\n<p>Wir steigern Ihre Wettbewerbsf\u00e4higkeit, da wir die Komponenten billiger beschaffen k\u00f6nnen, als es Ihnen durch eigene Produktion oder Einkauf m\u00f6glich w\u00e4re, und st\u00e4rken dabei auch Ihre Versorgungssicherheit.<\/p>\n<h3>Unkomplizierte Zusammenarbeit im gesch\u00e4ftigen Alltag<\/h3>\n<p>Unsere 25 Mitarbeiter in Europa und China verfolgen bei ihrer t\u00e4glichen Arbeit nur ein Ziel: Wir bieten optimalen Service und beste Qualit\u00e4t \u2013 ohne M\u00e4ngel. Das schaffen wir, indem wir das Risiko f\u00fcr unsere Kunden minimieren. Indem wir f\u00fcr sie die <a href=\"https:\/\/compfittgroup.com\/de\/wie-wir-arbeiten\/#section4\">Lagerf\u00fchrung<\/a> \u00fcbernehmen. Und durch eine durchschnittliche Reklamationsquote von weniger als 0,1 % in den vergangenen drei Jahren. Und wenn es trotzdem zu einer Panne kommt, sind unsere Kunden die Ersten, die das erfahren.<\/p>\n<p>Unsere Vision: Wir m\u00f6chten der beste Lieferant unserer Kunden sein.<\/p>\n<h3>N\u00e4he steht hoch im Kurs<\/h3>\n<p>Wir glauben daran, dass langj\u00e4hrige Beziehungen die richtige Gesch\u00e4ftsgrundlage f\u00fcr alle Beteiligten sind. Daher stehen Werte wie N\u00e4he, Pr\u00e4senz und Integrit\u00e4t bei uns ganz oben auf der Liste \u2013 Werte, nach denen wir leben. Jeder hat es schonmal erlebt: Der Lieferant ist genau dann nicht erreichbar, wenn\u2018s mal brennt. Jedoch gehen wir immer ans Telefon, wenn Sie anrufen. Wir sind stolz darauf, den Entscheidungstr\u00e4gern unserer Kunden Erfolg innerhalb ihrer jeweiligen Organisationen bescheren zu k\u00f6nnen.<\/p>\n<p>Loyalit\u00e4t muss man sich verdienen. Daher f\u00fchlen wir uns geehrt, dass unsere Kunden im Durchschnitt mehr als 10 Jahre lang mit Compfitt zusammenarbeiten \u2013 und diese Beziehungen halten noch immer.<\/p>\n<h3>Unsere Kernkompetenzen bescheren Ihnen Wettbewerbsvorteile<\/h3>\n<p>Wir fertigen fast alle Komponenten aus fast jedem Material, unsere Kernkompetenz liegt aber im Bereich Guss und Strangpressen. Wir sind Experten f\u00fcr u. a. Aluminium, Zink, Stahl, Edelstahl, und seit 2005 k\u00f6nnen wir sogar die Fertigung von Glas- und Spiegelkomponenten in hoher Qualit\u00e4t zu konkurrenzf\u00e4higen Preisen anbieten.<\/p>\n<p>Unsere Lieferung entspricht stets Ihren <a href=\"https:\/\/compfittgroup.com\/de\/wie-wir-arbeiten\/#section7\">Zeichnungen und Anforderungsspezifikationen<\/a>. Wir legen gr\u00f6\u00dften Wert darauf, Ihre t\u00e4glichen Abl\u00e4ufe zu kennen und immer das gro\u00dfe Ganze im Blick zu behalten. So k\u00f6nnen wir dir Zusammenarbeit fortlaufend verbessern und Sie hinsichtlich der M\u00f6glichkeiten <a href=\"https:\/\/compfittgroup.com\/de\/wie-wir-arbeiten\/#section1\">beraten<\/a>, die Ihnen einen Wettbewerbsvorteil verschaffen.<\/p>\n<p>Falls Sie weitere Informationen ben\u00f6tigen oder eine Produktion in China in Betracht ziehen, k\u00f6nnen Sie sich jederzeit unter <a href=\"tel:004525654082\">+45 25 65 40 82<\/a> an unseren Vertriebsleiter Kent Jensen wenden.<\/p>\n<p>Wir h\u00f6ren uns![\/vc_column_text]<div class=\"ult-spacer spacer-69d286ac6dcd0\" data-id=\"69d286ac6dcd0\" data-height=\"0\" data-height-mobile=\"60\" data-height-tab=\"0\" data-height-tab-portrait=\"60\" data-height-mobile-landscape=\"60\" style=\"clear:both;display:block;\"><\/div>[\/vc_column][vc_column offset=&#8220;vc_col-lg-4 vc_col-md-4 vc_col-xs-12&#8243;][\/vc_column][\/vc_row][vc_row full_width=&#8220;stretch_row&#8220;][vc_column]<div class=\"ult-spacer spacer-69d286ac6dcf8\" data-id=\"69d286ac6dcf8\" data-height=\"90\" data-height-mobile=\"60\" data-height-tab=\"90\" data-height-tab-portrait=\"60\" data-height-mobile-landscape=\"60\" style=\"clear:both;display:block;\"><\/div>[\/vc_column][\/vc_row][vc_row full_width=&#8220;stretch_row&#8220;][vc_column width=&#8220;1\/6&#8243;][\/vc_column][vc_column width=&#8220;2\/3&#8243;][vc_widget_sidebar sidebar_id=&#8220;sidebar-1&#8243;]<div class=\"ult-spacer spacer-69d286ac6dd19\" data-id=\"69d286ac6dd19\" data-height=\"90\" data-height-mobile=\"60\" data-height-tab=\"90\" data-height-tab-portrait=\"60\" data-height-mobile-landscape=\"60\" style=\"clear:both;display:block;\"><\/div>[\/vc_column][vc_column width=&#8220;1\/6&#8243;][\/vc_column][\/vc_row]<\/p>\n<\/section>","protected":false},"excerpt":{"rendered":"<p>[vc_row full_width=&#8220;stretch_row&#8220;][vc_column][\/vc_column][\/vc_row][vc_row full_width=&#8220;stretch_row&#8220;][vc_column offset=&#8220;vc_col-lg-8 vc_col-md-8 vc_col-xs-12&#8243;][vc_column_text] \u00dcber Compfitt Wir gehen immer noch einen Schritt weiter \u2013 damit Sie es nicht ben\u00f6tigen Compfitt ist ein Handels- und Beschaffungsunternehmen mit d\u00e4nischen und chinesischen Fachangestellten. Wir waren in China, bevor das Ganze zum Trend wurde, und haben den ganzen l\u00e4stigen Kleinkram bereits hinter uns, damit Sie sich auf &#8230; <a title=\"\u00dcber Compfitt\" class=\"read-more\" href=\"https:\/\/compfittgroup.com\/de\/ueber-compfitt\/\" aria-label=\"Mehr Informationen \u00fcber \u00dcber Compfitt\">Weiterlesen<\/a><\/p>\n","protected":false},"author":1,"featured_media":2319,"parent":0,"menu_order":9,"comment_status":"closed","ping_status":"closed","template":"","meta":{"content-type":"","footnotes":""},"categories":[],"class_list":["post-2282","page","type-page","status-publish","has-post-thumbnail"],"yoast_head":"<!-- This site is optimized with the Yoast SEO plugin v27.3 - https:\/\/yoast.com\/product\/yoast-seo-wordpress\/ -->\n<title>\u00dcber Compfitt - COMPFITT A\/S<\/title>\n<meta name=\"robots\" content=\"index, follow, max-snippet:-1, max-image-preview:large, max-video-preview:-1\" \/>\n<link rel=\"canonical\" href=\"https:\/\/compfittgroup.com\/de\/ueber-compfitt\/\" \/>\n<meta property=\"og:locale\" content=\"de_DE\" \/>\n<meta property=\"og:type\" content=\"article\" \/>\n<meta property=\"og:title\" content=\"\u00dcber Compfitt - COMPFITT A\/S\" \/>\n<meta property=\"og:description\" content=\"[vc_row full_width=&#8220;stretch_row&#8220;][vc_column][\/vc_column][\/vc_row][vc_row full_width=&#8220;stretch_row&#8220;][vc_column offset=&#8220;vc_col-lg-8 vc_col-md-8 vc_col-xs-12&#8243;][vc_column_text] \u00dcber Compfitt Wir gehen immer noch einen Schritt weiter \u2013 damit Sie es nicht ben\u00f6tigen Compfitt ist ein Handels- und Beschaffungsunternehmen mit d\u00e4nischen und chinesischen Fachangestellten. Wir waren in China, bevor das Ganze zum Trend wurde, und haben den ganzen l\u00e4stigen Kleinkram bereits hinter uns, damit Sie sich auf ... Weiterlesen\" \/>\n<meta property=\"og:url\" content=\"https:\/\/compfittgroup.com\/de\/ueber-compfitt\/\" \/>\n<meta property=\"og:site_name\" content=\"COMPFITT A\/S\" \/>\n<meta property=\"article:modified_time\" content=\"2021-12-01T09:42:30+00:00\" \/>\n<meta property=\"og:image\" content=\"https:\/\/compfittgroup.com\/wp-content\/uploads\/2021\/08\/om-compfitt_0_banner.jpg\" \/>\n\t<meta property=\"og:image:width\" content=\"1920\" \/>\n\t<meta property=\"og:image:height\" content=\"350\" \/>\n\t<meta property=\"og:image:type\" content=\"image\/jpeg\" \/>\n<meta name=\"twitter:card\" content=\"summary_large_image\" \/>\n<meta name=\"twitter:label1\" content=\"Gesch\u00e4tzte Lesezeit\" \/>\n\t<meta name=\"twitter:data1\" content=\"3\u00a0Minuten\" \/>\n<script type=\"application\/ld+json\" class=\"yoast-schema-graph\">{\"@context\":\"https:\\\/\\\/schema.org\",\"@graph\":[{\"@type\":\"WebPage\",\"@id\":\"https:\\\/\\\/compfittgroup.com\\\/de\\\/ueber-compfitt\\\/\",\"url\":\"https:\\\/\\\/compfittgroup.com\\\/de\\\/ueber-compfitt\\\/\",\"name\":\"\u00dcber Compfitt - COMPFITT A\\\/S\",\"isPartOf\":{\"@id\":\"https:\\\/\\\/compfittgroup.com\\\/de\\\/#website\"},\"primaryImageOfPage\":{\"@id\":\"https:\\\/\\\/compfittgroup.com\\\/de\\\/ueber-compfitt\\\/#primaryimage\"},\"image\":{\"@id\":\"https:\\\/\\\/compfittgroup.com\\\/de\\\/ueber-compfitt\\\/#primaryimage\"},\"thumbnailUrl\":\"https:\\\/\\\/compfittgroup.com\\\/wp-content\\\/uploads\\\/2022\\\/02\\\/dk-building-front-1-e1645173371764.jpg\",\"datePublished\":\"2021-12-01T09:31:11+00:00\",\"dateModified\":\"2021-12-01T09:42:30+00:00\",\"breadcrumb\":{\"@id\":\"https:\\\/\\\/compfittgroup.com\\\/de\\\/ueber-compfitt\\\/#breadcrumb\"},\"inLanguage\":\"de\",\"potentialAction\":[{\"@type\":\"ReadAction\",\"target\":[\"https:\\\/\\\/compfittgroup.com\\\/de\\\/ueber-compfitt\\\/\"]}]},{\"@type\":\"ImageObject\",\"inLanguage\":\"de\",\"@id\":\"https:\\\/\\\/compfittgroup.com\\\/de\\\/ueber-compfitt\\\/#primaryimage\",\"url\":\"https:\\\/\\\/compfittgroup.com\\\/wp-content\\\/uploads\\\/2022\\\/02\\\/dk-building-front-1-e1645173371764.jpg\",\"contentUrl\":\"https:\\\/\\\/compfittgroup.com\\\/wp-content\\\/uploads\\\/2022\\\/02\\\/dk-building-front-1-e1645173371764.jpg\",\"width\":2000,\"height\":1333},{\"@type\":\"BreadcrumbList\",\"@id\":\"https:\\\/\\\/compfittgroup.com\\\/de\\\/ueber-compfitt\\\/#breadcrumb\",\"itemListElement\":[{\"@type\":\"ListItem\",\"position\":1,\"name\":\"Hjem\",\"item\":\"https:\\\/\\\/compfittgroup.com\\\/de\\\/startseite\\\/\"},{\"@type\":\"ListItem\",\"position\":2,\"name\":\"\u00dcber Compfitt\"}]},{\"@type\":\"WebSite\",\"@id\":\"https:\\\/\\\/compfittgroup.com\\\/de\\\/#website\",\"url\":\"https:\\\/\\\/compfittgroup.com\\\/de\\\/\",\"name\":\"COMPFITT A\\\/S\",\"description\":\"Compfitt \u2013 en datadrevet handels- og sourcingvirksomhed\",\"publisher\":{\"@id\":\"https:\\\/\\\/compfittgroup.com\\\/de\\\/#organization\"},\"potentialAction\":[{\"@type\":\"SearchAction\",\"target\":{\"@type\":\"EntryPoint\",\"urlTemplate\":\"https:\\\/\\\/compfittgroup.com\\\/de\\\/?s={search_term_string}\"},\"query-input\":{\"@type\":\"PropertyValueSpecification\",\"valueRequired\":true,\"valueName\":\"search_term_string\"}}],\"inLanguage\":\"de\"},{\"@type\":\"Organization\",\"@id\":\"https:\\\/\\\/compfittgroup.com\\\/de\\\/#organization\",\"name\":\"COMPFITT A\\\/S\",\"url\":\"https:\\\/\\\/compfittgroup.com\\\/de\\\/\",\"logo\":{\"@type\":\"ImageObject\",\"inLanguage\":\"de\",\"@id\":\"https:\\\/\\\/compfittgroup.com\\\/de\\\/#\\\/schema\\\/logo\\\/image\\\/\",\"url\":\"https:\\\/\\\/compfittgroup.com\\\/wp-content\\\/uploads\\\/2020\\\/11\\\/logo.png\",\"contentUrl\":\"https:\\\/\\\/compfittgroup.com\\\/wp-content\\\/uploads\\\/2020\\\/11\\\/logo.png\",\"width\":311,\"height\":88,\"caption\":\"COMPFITT A\\\/S\"},\"image\":{\"@id\":\"https:\\\/\\\/compfittgroup.com\\\/de\\\/#\\\/schema\\\/logo\\\/image\\\/\"}}]}<\/script>\n<!-- \/ Yoast SEO plugin. -->","yoast_head_json":{"title":"\u00dcber Compfitt - COMPFITT A\/S","robots":{"index":"index","follow":"follow","max-snippet":"max-snippet:-1","max-image-preview":"max-image-preview:large","max-video-preview":"max-video-preview:-1"},"canonical":"https:\/\/compfittgroup.com\/de\/ueber-compfitt\/","og_locale":"de_DE","og_type":"article","og_title":"\u00dcber Compfitt - COMPFITT A\/S","og_description":"[vc_row full_width=&#8220;stretch_row&#8220;][vc_column][\/vc_column][\/vc_row][vc_row full_width=&#8220;stretch_row&#8220;][vc_column offset=&#8220;vc_col-lg-8 vc_col-md-8 vc_col-xs-12&#8243;][vc_column_text] \u00dcber Compfitt Wir gehen immer noch einen Schritt weiter \u2013 damit Sie es nicht ben\u00f6tigen Compfitt ist ein Handels- und Beschaffungsunternehmen mit d\u00e4nischen und chinesischen Fachangestellten. Wir waren in China, bevor das Ganze zum Trend wurde, und haben den ganzen l\u00e4stigen Kleinkram bereits hinter uns, damit Sie sich auf ... Weiterlesen","og_url":"https:\/\/compfittgroup.com\/de\/ueber-compfitt\/","og_site_name":"COMPFITT A\/S","article_modified_time":"2021-12-01T09:42:30+00:00","og_image":[{"width":1920,"height":350,"url":"https:\/\/compfittgroup.com\/wp-content\/uploads\/2021\/08\/om-compfitt_0_banner.jpg","type":"image\/jpeg"}],"twitter_card":"summary_large_image","twitter_misc":{"Gesch\u00e4tzte Lesezeit":"3\u00a0Minuten"},"schema":{"@context":"https:\/\/schema.org","@graph":[{"@type":"WebPage","@id":"https:\/\/compfittgroup.com\/de\/ueber-compfitt\/","url":"https:\/\/compfittgroup.com\/de\/ueber-compfitt\/","name":"\u00dcber Compfitt - COMPFITT A\/S","isPartOf":{"@id":"https:\/\/compfittgroup.com\/de\/#website"},"primaryImageOfPage":{"@id":"https:\/\/compfittgroup.com\/de\/ueber-compfitt\/#primaryimage"},"image":{"@id":"https:\/\/compfittgroup.com\/de\/ueber-compfitt\/#primaryimage"},"thumbnailUrl":"https:\/\/compfittgroup.com\/wp-content\/uploads\/2022\/02\/dk-building-front-1-e1645173371764.jpg","datePublished":"2021-12-01T09:31:11+00:00","dateModified":"2021-12-01T09:42:30+00:00","breadcrumb":{"@id":"https:\/\/compfittgroup.com\/de\/ueber-compfitt\/#breadcrumb"},"inLanguage":"de","potentialAction":[{"@type":"ReadAction","target":["https:\/\/compfittgroup.com\/de\/ueber-compfitt\/"]}]},{"@type":"ImageObject","inLanguage":"de","@id":"https:\/\/compfittgroup.com\/de\/ueber-compfitt\/#primaryimage","url":"https:\/\/compfittgroup.com\/wp-content\/uploads\/2022\/02\/dk-building-front-1-e1645173371764.jpg","contentUrl":"https:\/\/compfittgroup.com\/wp-content\/uploads\/2022\/02\/dk-building-front-1-e1645173371764.jpg","width":2000,"height":1333},{"@type":"BreadcrumbList","@id":"https:\/\/compfittgroup.com\/de\/ueber-compfitt\/#breadcrumb","itemListElement":[{"@type":"ListItem","position":1,"name":"Hjem","item":"https:\/\/compfittgroup.com\/de\/startseite\/"},{"@type":"ListItem","position":2,"name":"\u00dcber Compfitt"}]},{"@type":"WebSite","@id":"https:\/\/compfittgroup.com\/de\/#website","url":"https:\/\/compfittgroup.com\/de\/","name":"COMPFITT A\/S","description":"Compfitt \u2013 en datadrevet handels- og sourcingvirksomhed","publisher":{"@id":"https:\/\/compfittgroup.com\/de\/#organization"},"potentialAction":[{"@type":"SearchAction","target":{"@type":"EntryPoint","urlTemplate":"https:\/\/compfittgroup.com\/de\/?s={search_term_string}"},"query-input":{"@type":"PropertyValueSpecification","valueRequired":true,"valueName":"search_term_string"}}],"inLanguage":"de"},{"@type":"Organization","@id":"https:\/\/compfittgroup.com\/de\/#organization","name":"COMPFITT A\/S","url":"https:\/\/compfittgroup.com\/de\/","logo":{"@type":"ImageObject","inLanguage":"de","@id":"https:\/\/compfittgroup.com\/de\/#\/schema\/logo\/image\/","url":"https:\/\/compfittgroup.com\/wp-content\/uploads\/2020\/11\/logo.png","contentUrl":"https:\/\/compfittgroup.com\/wp-content\/uploads\/2020\/11\/logo.png","width":311,"height":88,"caption":"COMPFITT A\/S"},"image":{"@id":"https:\/\/compfittgroup.com\/de\/#\/schema\/logo\/image\/"}}]}},"_links":{"self":[{"href":"https:\/\/compfittgroup.com\/de\/wp-json\/wp\/v2\/pages\/2282","targetHints":{"allow":["GET"]}}],"collection":[{"href":"https:\/\/compfittgroup.com\/de\/wp-json\/wp\/v2\/pages"}],"about":[{"href":"https:\/\/compfittgroup.com\/de\/wp-json\/wp\/v2\/types\/page"}],"author":[{"embeddable":true,"href":"https:\/\/compfittgroup.com\/de\/wp-json\/wp\/v2\/users\/1"}],"replies":[{"embeddable":true,"href":"https:\/\/compfittgroup.com\/de\/wp-json\/wp\/v2\/comments?post=2282"}],"version-history":[{"count":3,"href":"https:\/\/compfittgroup.com\/de\/wp-json\/wp\/v2\/pages\/2282\/revisions"}],"predecessor-version":[{"id":2290,"href":"https:\/\/compfittgroup.com\/de\/wp-json\/wp\/v2\/pages\/2282\/revisions\/2290"}],"wp:featuredmedia":[{"embeddable":true,"href":"https:\/\/compfittgroup.com\/de\/wp-json\/wp\/v2\/media\/2319"}],"wp:attachment":[{"href":"https:\/\/compfittgroup.com\/de\/wp-json\/wp\/v2\/media?parent=2282"}],"wp:term":[{"taxonomy":"category","embeddable":true,"href":"https:\/\/compfittgroup.com\/de\/wp-json\/wp\/v2\/categories?post=2282"}],"curies":[{"name":"wp","href":"https:\/\/api.w.org\/{rel}","templated":true}]}}