{"id":2291,"date":"2021-12-01T10:51:43","date_gmt":"2021-12-01T09:51:43","guid":{"rendered":"https:\/\/compfittgroup.com\/datenschutzerklaerung\/"},"modified":"2022-02-25T15:10:06","modified_gmt":"2022-02-25T14:10:06","slug":"datenschutzerklaerung","status":"publish","type":"page","link":"https:\/\/compfittgroup.com\/de\/datenschutzerklaerung\/","title":{"rendered":"Datenschutzerkl\u00e4rung"},"content":{"rendered":"<section class=\"wpb-content-wrapper\"><p>[vc_row full_width=&#8220;stretch_row&#8220;][vc_column]<div class=\"ult-spacer spacer-69fde27f12cde\" data-id=\"69fde27f12cde\" data-height=\"90\" data-height-mobile=\"60\" data-height-tab=\"90\" data-height-tab-portrait=\"60\" data-height-mobile-landscape=\"60\" style=\"clear:both;display:block;\"><\/div>[\/vc_column][\/vc_row][vc_row full_width=&#8220;stretch_row&#8220;][vc_column][vc_column_text]<\/p>\n<h1>Datenschutzerkl\u00e4rung<\/h1>\n<h3>Datenschutz<\/h3>\n<p>Compfitt Group AG best\u00e4tigen, dass wir Ihr Firmenname und Ihre Steuernummer, Telefon- und Faxnummer sowie E-Mail-Adresse von Kontaktpersonen registrieren.<\/p>\n<p>Wir verwenden nur die genannten Informationen intern zum Kontakt mit Kooperationspartnern, hierunter Kunden und Interessenten. Ihre pers\u00f6nlichen Daten werden f\u00fcr andere Zwecke nie aufgeteilt oder weitergeleitet. Informationen die wir nie benutzen werden gel\u00f6scht.<\/p>\n<p>Wir sind ISO 9001:2015 zertifiziert \u2013 dementsprechend dokumentieren wir, wie wir mit sensitiven Personaldaten arbeiten.<\/p>\n<p>Wenn Sie Fragen zu unseren Datenschutz- und Cookie-Erkl\u00e4rungen (GDPR) haben, schicken Sie bitte eine E-Mail an: <a href=\"mailto:accounting@compfitt.com\">accounting@compfitt.com<\/a>.[\/vc_column_text]<div class=\"ult-spacer spacer-69fde27f12d22\" data-id=\"69fde27f12d22\" data-height=\"0\" data-height-mobile=\"60\" data-height-tab=\"0\" data-height-tab-portrait=\"60\" data-height-mobile-landscape=\"60\" style=\"clear:both;display:block;\"><\/div>[\/vc_column][\/vc_row][vc_row full_width=&#8220;stretch_row&#8220;][vc_column]<div class=\"ult-spacer spacer-69fde27f12d44\" data-id=\"69fde27f12d44\" data-height=\"90\" data-height-mobile=\"60\" data-height-tab=\"90\" data-height-tab-portrait=\"60\" data-height-mobile-landscape=\"60\" style=\"clear:both;display:block;\"><\/div>[\/vc_column][\/vc_row]<\/p>\n<\/section>","protected":false},"excerpt":{"rendered":"<p>[vc_row full_width=&#8220;stretch_row&#8220;][vc_column][\/vc_column][\/vc_row][vc_row full_width=&#8220;stretch_row&#8220;][vc_column][vc_column_text] Datenschutzerkl\u00e4rung Datenschutz Compfitt Group AG best\u00e4tigen, dass wir Ihr Firmenname und Ihre Steuernummer, Telefon- und Faxnummer sowie E-Mail-Adresse von Kontaktpersonen registrieren. Wir verwenden nur die genannten Informationen intern zum Kontakt mit Kooperationspartnern, hierunter Kunden und Interessenten. Ihre pers\u00f6nlichen Daten werden f\u00fcr andere Zwecke nie aufgeteilt oder weitergeleitet. Informationen die wir nie benutzen &#8230; <a title=\"Datenschutzerkl\u00e4rung\" class=\"read-more\" href=\"https:\/\/compfittgroup.com\/de\/datenschutzerklaerung\/\" aria-label=\"Mehr Informationen \u00fcber Datenschutzerkl\u00e4rung\">Weiterlesen<\/a><\/p>\n","protected":false},"author":1,"featured_media":0,"parent":0,"menu_order":15,"comment_status":"closed","ping_status":"closed","template":"","meta":{"content-type":"","footnotes":""},"categories":[],"class_list":["post-2291","page","type-page","status-publish"],"yoast_head":"<!-- This site is optimized with the Yoast SEO plugin v27.5 - https:\/\/yoast.com\/product\/yoast-seo-wordpress\/ -->\n<title>Datenschutzerkl\u00e4rung - COMPFITT A\/S<\/title>\n<meta name=\"robots\" content=\"index, follow, max-snippet:-1, max-image-preview:large, max-video-preview:-1\" \/>\n<link rel=\"canonical\" href=\"https:\/\/compfittgroup.com\/de\/datenschutzerklaerung\/\" \/>\n<meta property=\"og:locale\" content=\"de_DE\" \/>\n<meta property=\"og:type\" content=\"article\" \/>\n<meta property=\"og:title\" content=\"Datenschutzerkl\u00e4rung - COMPFITT A\/S\" \/>\n<meta property=\"og:description\" content=\"[vc_row full_width=&#8220;stretch_row&#8220;][vc_column][\/vc_column][\/vc_row][vc_row full_width=&#8220;stretch_row&#8220;][vc_column][vc_column_text] Datenschutzerkl\u00e4rung Datenschutz Compfitt Group AG best\u00e4tigen, dass wir Ihr Firmenname und Ihre Steuernummer, Telefon- und Faxnummer sowie E-Mail-Adresse von Kontaktpersonen registrieren. Wir verwenden nur die genannten Informationen intern zum Kontakt mit Kooperationspartnern, hierunter Kunden und Interessenten. Ihre pers\u00f6nlichen Daten werden f\u00fcr andere Zwecke nie aufgeteilt oder weitergeleitet. Informationen die wir nie benutzen ... Weiterlesen\" \/>\n<meta property=\"og:url\" content=\"https:\/\/compfittgroup.com\/de\/datenschutzerklaerung\/\" \/>\n<meta property=\"og:site_name\" content=\"COMPFITT A\/S\" \/>\n<meta property=\"article:modified_time\" content=\"2022-02-25T14:10:06+00:00\" \/>\n<meta name=\"twitter:card\" content=\"summary_large_image\" \/>\n<meta name=\"twitter:label1\" content=\"Gesch\u00e4tzte Lesezeit\" \/>\n\t<meta name=\"twitter:data1\" content=\"1\u00a0Minute\" \/>\n<script type=\"application\/ld+json\" class=\"yoast-schema-graph\">{\"@context\":\"https:\\\/\\\/schema.org\",\"@graph\":[{\"@type\":\"WebPage\",\"@id\":\"https:\\\/\\\/compfittgroup.com\\\/de\\\/datenschutzerklaerung\\\/\",\"url\":\"https:\\\/\\\/compfittgroup.com\\\/de\\\/datenschutzerklaerung\\\/\",\"name\":\"Datenschutzerkl\u00e4rung - COMPFITT A\\\/S\",\"isPartOf\":{\"@id\":\"https:\\\/\\\/compfittgroup.com\\\/de\\\/#website\"},\"datePublished\":\"2021-12-01T09:51:43+00:00\",\"dateModified\":\"2022-02-25T14:10:06+00:00\",\"breadcrumb\":{\"@id\":\"https:\\\/\\\/compfittgroup.com\\\/de\\\/datenschutzerklaerung\\\/#breadcrumb\"},\"inLanguage\":\"de\",\"potentialAction\":[{\"@type\":\"ReadAction\",\"target\":[\"https:\\\/\\\/compfittgroup.com\\\/de\\\/datenschutzerklaerung\\\/\"]}]},{\"@type\":\"BreadcrumbList\",\"@id\":\"https:\\\/\\\/compfittgroup.com\\\/de\\\/datenschutzerklaerung\\\/#breadcrumb\",\"itemListElement\":[{\"@type\":\"ListItem\",\"position\":1,\"name\":\"Hjem\",\"item\":\"https:\\\/\\\/compfittgroup.com\\\/de\\\/startseite\\\/\"},{\"@type\":\"ListItem\",\"position\":2,\"name\":\"Datenschutzerkl\u00e4rung\"}]},{\"@type\":\"WebSite\",\"@id\":\"https:\\\/\\\/compfittgroup.com\\\/de\\\/#website\",\"url\":\"https:\\\/\\\/compfittgroup.com\\\/de\\\/\",\"name\":\"COMPFITT A\\\/S\",\"description\":\"Compfitt \u2013 en datadrevet handels- og sourcingvirksomhed\",\"publisher\":{\"@id\":\"https:\\\/\\\/compfittgroup.com\\\/de\\\/#organization\"},\"potentialAction\":[{\"@type\":\"SearchAction\",\"target\":{\"@type\":\"EntryPoint\",\"urlTemplate\":\"https:\\\/\\\/compfittgroup.com\\\/de\\\/?s={search_term_string}\"},\"query-input\":{\"@type\":\"PropertyValueSpecification\",\"valueRequired\":true,\"valueName\":\"search_term_string\"}}],\"inLanguage\":\"de\"},{\"@type\":\"Organization\",\"@id\":\"https:\\\/\\\/compfittgroup.com\\\/de\\\/#organization\",\"name\":\"COMPFITT A\\\/S\",\"url\":\"https:\\\/\\\/compfittgroup.com\\\/de\\\/\",\"logo\":{\"@type\":\"ImageObject\",\"inLanguage\":\"de\",\"@id\":\"https:\\\/\\\/compfittgroup.com\\\/de\\\/#\\\/schema\\\/logo\\\/image\\\/\",\"url\":\"https:\\\/\\\/compfittgroup.com\\\/wp-content\\\/uploads\\\/2020\\\/11\\\/logo.png\",\"contentUrl\":\"https:\\\/\\\/compfittgroup.com\\\/wp-content\\\/uploads\\\/2020\\\/11\\\/logo.png\",\"width\":311,\"height\":88,\"caption\":\"COMPFITT A\\\/S\"},\"image\":{\"@id\":\"https:\\\/\\\/compfittgroup.com\\\/de\\\/#\\\/schema\\\/logo\\\/image\\\/\"}}]}<\/script>\n<!-- \/ Yoast SEO plugin. -->","yoast_head_json":{"title":"Datenschutzerkl\u00e4rung - COMPFITT A\/S","robots":{"index":"index","follow":"follow","max-snippet":"max-snippet:-1","max-image-preview":"max-image-preview:large","max-video-preview":"max-video-preview:-1"},"canonical":"https:\/\/compfittgroup.com\/de\/datenschutzerklaerung\/","og_locale":"de_DE","og_type":"article","og_title":"Datenschutzerkl\u00e4rung - COMPFITT A\/S","og_description":"[vc_row full_width=&#8220;stretch_row&#8220;][vc_column][\/vc_column][\/vc_row][vc_row full_width=&#8220;stretch_row&#8220;][vc_column][vc_column_text] Datenschutzerkl\u00e4rung Datenschutz Compfitt Group AG best\u00e4tigen, dass wir Ihr Firmenname und Ihre Steuernummer, Telefon- und Faxnummer sowie E-Mail-Adresse von Kontaktpersonen registrieren. Wir verwenden nur die genannten Informationen intern zum Kontakt mit Kooperationspartnern, hierunter Kunden und Interessenten. Ihre pers\u00f6nlichen Daten werden f\u00fcr andere Zwecke nie aufgeteilt oder weitergeleitet. Informationen die wir nie benutzen ... Weiterlesen","og_url":"https:\/\/compfittgroup.com\/de\/datenschutzerklaerung\/","og_site_name":"COMPFITT A\/S","article_modified_time":"2022-02-25T14:10:06+00:00","twitter_card":"summary_large_image","twitter_misc":{"Gesch\u00e4tzte Lesezeit":"1\u00a0Minute"},"schema":{"@context":"https:\/\/schema.org","@graph":[{"@type":"WebPage","@id":"https:\/\/compfittgroup.com\/de\/datenschutzerklaerung\/","url":"https:\/\/compfittgroup.com\/de\/datenschutzerklaerung\/","name":"Datenschutzerkl\u00e4rung - COMPFITT A\/S","isPartOf":{"@id":"https:\/\/compfittgroup.com\/de\/#website"},"datePublished":"2021-12-01T09:51:43+00:00","dateModified":"2022-02-25T14:10:06+00:00","breadcrumb":{"@id":"https:\/\/compfittgroup.com\/de\/datenschutzerklaerung\/#breadcrumb"},"inLanguage":"de","potentialAction":[{"@type":"ReadAction","target":["https:\/\/compfittgroup.com\/de\/datenschutzerklaerung\/"]}]},{"@type":"BreadcrumbList","@id":"https:\/\/compfittgroup.com\/de\/datenschutzerklaerung\/#breadcrumb","itemListElement":[{"@type":"ListItem","position":1,"name":"Hjem","item":"https:\/\/compfittgroup.com\/de\/startseite\/"},{"@type":"ListItem","position":2,"name":"Datenschutzerkl\u00e4rung"}]},{"@type":"WebSite","@id":"https:\/\/compfittgroup.com\/de\/#website","url":"https:\/\/compfittgroup.com\/de\/","name":"COMPFITT A\/S","description":"Compfitt \u2013 en datadrevet handels- og sourcingvirksomhed","publisher":{"@id":"https:\/\/compfittgroup.com\/de\/#organization"},"potentialAction":[{"@type":"SearchAction","target":{"@type":"EntryPoint","urlTemplate":"https:\/\/compfittgroup.com\/de\/?s={search_term_string}"},"query-input":{"@type":"PropertyValueSpecification","valueRequired":true,"valueName":"search_term_string"}}],"inLanguage":"de"},{"@type":"Organization","@id":"https:\/\/compfittgroup.com\/de\/#organization","name":"COMPFITT A\/S","url":"https:\/\/compfittgroup.com\/de\/","logo":{"@type":"ImageObject","inLanguage":"de","@id":"https:\/\/compfittgroup.com\/de\/#\/schema\/logo\/image\/","url":"https:\/\/compfittgroup.com\/wp-content\/uploads\/2020\/11\/logo.png","contentUrl":"https:\/\/compfittgroup.com\/wp-content\/uploads\/2020\/11\/logo.png","width":311,"height":88,"caption":"COMPFITT A\/S"},"image":{"@id":"https:\/\/compfittgroup.com\/de\/#\/schema\/logo\/image\/"}}]}},"_links":{"self":[{"href":"https:\/\/compfittgroup.com\/de\/wp-json\/wp\/v2\/pages\/2291","targetHints":{"allow":["GET"]}}],"collection":[{"href":"https:\/\/compfittgroup.com\/de\/wp-json\/wp\/v2\/pages"}],"about":[{"href":"https:\/\/compfittgroup.com\/de\/wp-json\/wp\/v2\/types\/page"}],"author":[{"embeddable":true,"href":"https:\/\/compfittgroup.com\/de\/wp-json\/wp\/v2\/users\/1"}],"replies":[{"embeddable":true,"href":"https:\/\/compfittgroup.com\/de\/wp-json\/wp\/v2\/comments?post=2291"}],"version-history":[{"count":4,"href":"https:\/\/compfittgroup.com\/de\/wp-json\/wp\/v2\/pages\/2291\/revisions"}],"predecessor-version":[{"id":2342,"href":"https:\/\/compfittgroup.com\/de\/wp-json\/wp\/v2\/pages\/2291\/revisions\/2342"}],"wp:attachment":[{"href":"https:\/\/compfittgroup.com\/de\/wp-json\/wp\/v2\/media?parent=2291"}],"wp:term":[{"taxonomy":"category","embeddable":true,"href":"https:\/\/compfittgroup.com\/de\/wp-json\/wp\/v2\/categories?post=2291"}],"curies":[{"name":"wp","href":"https:\/\/api.w.org\/{rel}","templated":true}]}}