{"id":2503,"date":"2022-03-24T20:48:34","date_gmt":"2022-03-24T19:48:34","guid":{"rendered":"https:\/\/compfittgroup.com\/materials-and-production\/"},"modified":"2022-03-24T20:49:23","modified_gmt":"2022-03-24T19:49:23","slug":"materials-and-production","status":"publish","type":"page","link":"https:\/\/compfittgroup.com\/en\/materials-and-production\/","title":{"rendered":"Materials and production"},"content":{"rendered":"<section class=\"wpb-content-wrapper\"><p>[vc_row full_width=&#8221;stretch_row&#8221;][vc_column]<div class=\"ult-spacer spacer-69e0793a7fd47\" data-id=\"69e0793a7fd47\" data-height=\"90\" data-height-mobile=\"60\" data-height-tab=\"90\" data-height-tab-portrait=\"60\" data-height-mobile-landscape=\"60\" style=\"clear:both;display:block;\"><\/div>[\/vc_column][\/vc_row][vc_row full_width=&#8221;stretch_row&#8221;][vc_column offset=&#8221;vc_col-lg-8 vc_col-md-8 vc_col-xs-12&#8243;][vc_column_text]<\/p>\n<h1>Materials and production<\/h1>\n<p>We manufacture components from most raw materials using many different production processes. Our core competence lies in aluminium, zinc, steel, stainless steel and even glass.<\/p>\n<p>We create the best possible production process based on design, application and specifications.<\/p>\n<p>No matter the process, we can always offer surface treatment and assembly.[\/vc_column_text]<div class=\"ult-spacer spacer-69e0793a7fd94\" data-id=\"69e0793a7fd94\" data-height=\"0\" data-height-mobile=\"60\" data-height-tab=\"0\" data-height-tab-portrait=\"60\" data-height-mobile-landscape=\"60\" style=\"clear:both;display:block;\"><\/div>[\/vc_column][vc_column offset=&#8221;vc_col-lg-4 vc_col-md-4 vc_col-xs-12&#8243;][\/vc_column][\/vc_row][vc_row full_width=&#8221;stretch_row&#8221;][vc_column]<div class=\"ult-spacer spacer-69e0793a7fdbc\" data-id=\"69e0793a7fdbc\" data-height=\"90\" data-height-mobile=\"60\" data-height-tab=\"90\" data-height-tab-portrait=\"60\" data-height-mobile-landscape=\"60\" style=\"clear:both;display:block;\"><\/div>[\/vc_column][\/vc_row][vc_row full_width=&#8221;stretch_row&#8221; disable_element=&#8221;yes&#8221; css=&#8221;.vc_custom_1648151359375{background-color: #f7f7f7 !important;}&#8221;][vc_column]<div class=\"ult-spacer spacer-69e0793a7fddf\" data-id=\"69e0793a7fddf\" data-height=\"90\" data-height-mobile=\"60\" data-height-tab=\"90\" data-height-tab-portrait=\"60\" data-height-mobile-landscape=\"60\" style=\"clear:both;display:block;\"><\/div>[vc_row_inner][vc_column_inner width=&#8221;1\/3&#8243;]<div class=\"ult-new-ib ult-ib-effect-style13  ult-ib-resp ult-ib2-min-height \" data-min-width=\"768\" data-max-width=\"900\" style=\"background:#2d5c87; opacity:0; \" data-opacity=\"0\" data-hover-opacity=\"0.5\"  data-min-height=\"300\" ><img decoding=\"async\" class=\"ult-new-ib-img\" style=\"opacity:0;\" alt=\"null\" src=\"https:\/\/compfittgroup.com\/wp-content\/uploads\/2021\/08\/materialer_1_aluminium.jpg\"  data-min-height=\"300\"   \/><div id=\"interactive-banner-wrap-8887\" class=\"ult-new-ib-desc\" style=\"\"><h2 class=\"ult-new-ib-title ult-responsive\"  data-ultimate-target='#interactive-banner-wrap-8887 .ult-new-ib-title'  data-responsive-json-new='{\"font-size\":\"desktop:22px;tablet:22px;tablet_portrait:22px;mobile_landscape:22px;mobile:24px;\",\"line-height\":\"desktop:22px;tablet:22px;tablet_portrait:22px;mobile_landscape:22px;mobile:24px;\"}'  style=\"font-weight:bold;color:#ffffff;\">Aluminium<\/h2><div class=\"ult-new-ib-content ult-responsive\"  data-ultimate-target='#interactive-banner-wrap-8887 .ult-new-ib-content'  data-responsive-json-new='{\"font-size\":\"desktop:14px;tablet:14px;tablet_portrait:14px;mobile_landscape:14px;mobile:16px;\",\"line-height\":\"\"}'  style=\"font-weight:200;color:#ffffff;\"><p>Ekstrudering, trykst\u00f8bning, plader\/st\u00e6nger, smedning og sp\u00e5ntagning<\/p><\/div><\/div><a class=\"ult-new-ib-link\" href=\"https:\/\/compfittgroup.com\/materialer-og-produktion\/aluminium-og-profiler\/\" title=\"Aluminium og profiler\"  ><\/a><\/div><div class=\"ult-spacer spacer-69e0793a80122\" data-id=\"69e0793a80122\" data-height=\"0\" data-height-mobile=\"60\" data-height-tab=\"0\" data-height-tab-portrait=\"0\" data-height-mobile-landscape=\"60\" style=\"clear:both;display:block;\"><\/div>[\/vc_column_inner][vc_column_inner width=&#8221;1\/3&#8243;]<div class=\"ult-new-ib ult-ib-effect-style13  ult-ib-resp ult-ib2-min-height \" data-min-width=\"768\" data-max-width=\"900\" style=\"background:#2d5c87; opacity:0; \" data-opacity=\"0\" data-hover-opacity=\"0.5\"  data-min-height=\"300\" ><img decoding=\"async\" class=\"ult-new-ib-img\" style=\"opacity:0;\" alt=\"null\" src=\"https:\/\/compfittgroup.com\/wp-content\/uploads\/2021\/08\/materialer_4_sta\u030al.jpg\"  data-min-height=\"300\"   \/><div id=\"interactive-banner-wrap-5615\" class=\"ult-new-ib-desc\" style=\"\"><h2 class=\"ult-new-ib-title ult-responsive\"  data-ultimate-target='#interactive-banner-wrap-5615 .ult-new-ib-title'  data-responsive-json-new='{\"font-size\":\"desktop:22px;tablet:22px;tablet_portrait:22px;mobile_landscape:22px;mobile:24px;\",\"line-height\":\"desktop:22px;tablet:22px;tablet_portrait:22px;mobile_landscape:22px;mobile:24px;\"}'  style=\"font-weight:bold;color:#ffffff;\">Rustfri st\u00e5l<\/h2><div class=\"ult-new-ib-content ult-responsive\"  data-ultimate-target='#interactive-banner-wrap-5615 .ult-new-ib-content'  data-responsive-json-new='{\"font-size\":\"desktop:14px;tablet:14px;tablet_portrait:14px;mobile_landscape:14px;mobile:16px;\",\"line-height\":\"\"}'  style=\"font-weight:200;color:#ffffff;\"><p>Finst\u00f8bning, plader\/st\u00e6nger og sp\u00e5ntagning<\/p><\/div><\/div><\/div><div class=\"ult-spacer spacer-69e0793a803c4\" data-id=\"69e0793a803c4\" data-height=\"0\" data-height-mobile=\"60\" data-height-tab=\"0\" data-height-tab-portrait=\"0\" data-height-mobile-landscape=\"60\" style=\"clear:both;display:block;\"><\/div>[\/vc_column_inner][vc_column_inner width=&#8221;1\/3&#8243;]<div class=\"ult-new-ib ult-ib-effect-style13  ult-ib-resp ult-ib2-min-height \" data-min-width=\"768\" data-max-width=\"900\" style=\"background:#2d5c87; opacity:0; \" data-opacity=\"0\" data-hover-opacity=\"0.5\"  data-min-height=\"300\" ><img decoding=\"async\" class=\"ult-new-ib-img\" style=\"opacity:0;\" alt=\"null\" src=\"https:\/\/compfittgroup.com\/wp-content\/uploads\/2021\/08\/materialer_3_zamak-1.jpg\"  data-min-height=\"300\"   \/><div id=\"interactive-banner-wrap-3504\" class=\"ult-new-ib-desc\" style=\"\"><h2 class=\"ult-new-ib-title ult-responsive\"  data-ultimate-target='#interactive-banner-wrap-3504 .ult-new-ib-title'  data-responsive-json-new='{\"font-size\":\"desktop:22px;tablet:22px;tablet_portrait:22px;mobile_landscape:22px;mobile:24px;\",\"line-height\":\"desktop:22px;tablet:22px;tablet_portrait:22px;mobile_landscape:22px;mobile:24px;\"}'  style=\"font-weight:bold;color:#ffffff;\">Zamak<\/h2><div class=\"ult-new-ib-content ult-responsive\"  data-ultimate-target='#interactive-banner-wrap-3504 .ult-new-ib-content'  data-responsive-json-new='{\"font-size\":\"desktop:14px;tablet:14px;tablet_portrait:14px;mobile_landscape:14px;mobile:16px;\",\"line-height\":\"\"}'  style=\"font-weight:200;color:#ffffff;\"><p>St\u00f8bning og sp\u00e5ntagning<\/p><\/div><\/div><\/div>[\/vc_column_inner][\/vc_row_inner][vc_empty_space height=&#8221;60px&#8221;][vc_row_inner][vc_column_inner width=&#8221;1\/3&#8243;]<div class=\"ult-new-ib ult-ib-effect-style13  ult-ib-resp ult-ib2-min-height \" data-min-width=\"768\" data-max-width=\"900\" style=\"background:#2d5c87; opacity:0; \" data-opacity=\"0\" data-hover-opacity=\"0.5\"  data-min-height=\"300\" ><img decoding=\"async\" class=\"ult-new-ib-img\" style=\"opacity:0;\" alt=\"null\" src=\"https:\/\/compfittgroup.com\/wp-content\/uploads\/2021\/08\/materialer_2_rustfri.jpg\"  data-min-height=\"300\"   \/><div id=\"interactive-banner-wrap-6165\" class=\"ult-new-ib-desc\" style=\"\"><h2 class=\"ult-new-ib-title ult-responsive\"  data-ultimate-target='#interactive-banner-wrap-6165 .ult-new-ib-title'  data-responsive-json-new='{\"font-size\":\"desktop:22px;tablet:22px;tablet_portrait:22px;mobile_landscape:22px;mobile:24px;\",\"line-height\":\"desktop:22px;tablet:22px;tablet_portrait:22px;mobile_landscape:22px;mobile:24px;\"}'  style=\"font-weight:bold;color:#ffffff;\">St\u00e5l<\/h2><div class=\"ult-new-ib-content ult-responsive\"  data-ultimate-target='#interactive-banner-wrap-6165 .ult-new-ib-content'  data-responsive-json-new='{\"font-size\":\"desktop:14px;tablet:14px;tablet_portrait:14px;mobile_landscape:14px;mobile:16px;\",\"line-height\":\"\"}'  style=\"font-weight:200;color:#ffffff;\"><p>St\u00f8bning, plader\/st\u00e6nger, smedning og sp\u00e5ntagning<\/p><\/div><\/div><\/div><div class=\"ult-spacer spacer-69e0793a80877\" data-id=\"69e0793a80877\" data-height=\"0\" data-height-mobile=\"60\" data-height-tab=\"0\" data-height-tab-portrait=\"0\" data-height-mobile-landscape=\"60\" style=\"clear:both;display:block;\"><\/div>[\/vc_column_inner][vc_column_inner width=&#8221;1\/3&#8243;]<div class=\"ult-new-ib ult-ib-effect-style13  ult-ib-resp ult-ib2-min-height \" data-min-width=\"768\" data-max-width=\"900\" style=\"background:#2d5c87; opacity:0; \" data-opacity=\"0\" data-hover-opacity=\"0.5\"  data-min-height=\"300\" ><img decoding=\"async\" class=\"ult-new-ib-img\" style=\"opacity:0;\" alt=\"null\" src=\"https:\/\/compfittgroup.com\/wp-content\/uploads\/2021\/08\/materialer_5_messing.jpg\"  data-min-height=\"300\"   \/><div id=\"interactive-banner-wrap-7504\" class=\"ult-new-ib-desc\" style=\"\"><h2 class=\"ult-new-ib-title ult-responsive\"  data-ultimate-target='#interactive-banner-wrap-7504 .ult-new-ib-title'  data-responsive-json-new='{\"font-size\":\"desktop:22px;tablet:22px;tablet_portrait:22px;mobile_landscape:22px;mobile:24px;\",\"line-height\":\"desktop:22px;tablet:22px;tablet_portrait:22px;mobile_landscape:22px;mobile:24px;\"}'  style=\"font-weight:bold;color:#ffffff;\">Messing<\/h2><div class=\"ult-new-ib-content ult-responsive\"  data-ultimate-target='#interactive-banner-wrap-7504 .ult-new-ib-content'  data-responsive-json-new='{\"font-size\":\"desktop:14px;tablet:14px;tablet_portrait:14px;mobile_landscape:14px;mobile:16px;\",\"line-height\":\"\"}'  style=\"font-weight:200;color:#ffffff;\"><p>Smedning, stangmateriale og sp\u00e5ntagning<\/p><\/div><\/div><\/div><div class=\"ult-spacer spacer-69e0793a80ae0\" data-id=\"69e0793a80ae0\" data-height=\"0\" data-height-mobile=\"60\" data-height-tab=\"0\" data-height-tab-portrait=\"0\" data-height-mobile-landscape=\"60\" style=\"clear:both;display:block;\"><\/div>[\/vc_column_inner][vc_column_inner width=&#8221;1\/3&#8243;]<div class=\"ult-new-ib ult-ib-effect-style13  ult-ib-resp ult-ib2-min-height \" data-min-width=\"768\" data-max-width=\"900\" style=\"background:#2d5c87; opacity:0; \" data-opacity=\"0\" data-hover-opacity=\"0.5\"  data-min-height=\"300\" ><img decoding=\"async\" class=\"ult-new-ib-img\" style=\"opacity:0;\" alt=\"null\" src=\"https:\/\/compfittgroup.com\/wp-content\/uploads\/2021\/08\/materialer_6_glas.jpg\"  data-min-height=\"300\"   \/><div id=\"interactive-banner-wrap-3585\" class=\"ult-new-ib-desc\" style=\"\"><h2 class=\"ult-new-ib-title ult-responsive\"  data-ultimate-target='#interactive-banner-wrap-3585 .ult-new-ib-title'  data-responsive-json-new='{\"font-size\":\"desktop:22px;tablet:22px;tablet_portrait:22px;mobile_landscape:22px;mobile:24px;\",\"line-height\":\"desktop:22px;tablet:22px;tablet_portrait:22px;mobile_landscape:22px;mobile:24px;\"}'  style=\"font-weight:bold;color:#ffffff;\">Floatglas<\/h2><div class=\"ult-new-ib-content ult-responsive\"  data-ultimate-target='#interactive-banner-wrap-3585 .ult-new-ib-content'  data-responsive-json-new='{\"font-size\":\"desktop:14px;tablet:14px;tablet_portrait:14px;mobile_landscape:14px;mobile:16px;\",\"line-height\":\"\"}'  style=\"font-weight:200;color:#ffffff;\"><p>Slibning, fr\u00e6sning, vandstr\u00e5lesk\u00e6ring, spejle, silketryk, gravering og h\u00e6rdning<\/p><\/div><\/div><\/div>[\/vc_column_inner][\/vc_row_inner]<div class=\"ult-spacer spacer-69e0793a80d64\" data-id=\"69e0793a80d64\" data-height=\"90\" data-height-mobile=\"60\" data-height-tab=\"90\" data-height-tab-portrait=\"60\" data-height-mobile-landscape=\"60\" style=\"clear:both;display:block;\"><\/div>[\/vc_column][\/vc_row]<\/p>\n<\/section>","protected":false},"excerpt":{"rendered":"<p>[vc_row full_width=&#8221;stretch_row&#8221;][vc_column][\/vc_column][\/vc_row][vc_row full_width=&#8221;stretch_row&#8221;][vc_column offset=&#8221;vc_col-lg-8 vc_col-md-8 vc_col-xs-12&#8243;][vc_column_text] Materials and production We manufacture components from most raw materials using many different production processes. Our core competence lies in aluminium, zinc, steel, stainless steel and even glass. We create the best possible production process based on design, application and specifications. No matter the process, we can always offer &#8230; <a title=\"Materials and production\" class=\"read-more\" href=\"https:\/\/compfittgroup.com\/en\/materials-and-production\/\" aria-label=\"Read more about Materials and production\">Read more<\/a><\/p>\n","protected":false},"author":1,"featured_media":2481,"parent":0,"menu_order":0,"comment_status":"closed","ping_status":"closed","template":"","meta":{"content-type":"","footnotes":""},"categories":[],"class_list":["post-2503","page","type-page","status-publish","has-post-thumbnail"],"yoast_head":"<!-- This site is optimized with the Yoast SEO plugin v27.4 - https:\/\/yoast.com\/product\/yoast-seo-wordpress\/ -->\n<title>Materials and production - COMPFITT A\/S<\/title>\n<meta name=\"robots\" content=\"index, follow, max-snippet:-1, max-image-preview:large, max-video-preview:-1\" \/>\n<link rel=\"canonical\" href=\"https:\/\/compfittgroup.com\/en\/materials-and-production\/\" \/>\n<meta property=\"og:locale\" content=\"en_US\" \/>\n<meta property=\"og:type\" content=\"article\" \/>\n<meta property=\"og:title\" content=\"Materials and production - COMPFITT A\/S\" \/>\n<meta property=\"og:description\" content=\"[vc_row full_width=&#8221;stretch_row&#8221;][vc_column][\/vc_column][\/vc_row][vc_row full_width=&#8221;stretch_row&#8221;][vc_column offset=&#8221;vc_col-lg-8 vc_col-md-8 vc_col-xs-12&#8243;][vc_column_text] Materials and production We manufacture components from most raw materials using many different production processes. Our core competence lies in aluminium, zinc, steel, stainless steel and even glass. We create the best possible production process based on design, application and specifications. No matter the process, we can always offer ... Read more\" \/>\n<meta property=\"og:url\" content=\"https:\/\/compfittgroup.com\/en\/materials-and-production\/\" \/>\n<meta property=\"og:site_name\" content=\"COMPFITT A\/S\" \/>\n<meta property=\"article:modified_time\" content=\"2022-03-24T19:49:23+00:00\" \/>\n<meta property=\"og:image\" content=\"https:\/\/compfittgroup.com\/wp-content\/uploads\/2022\/02\/dk-warehouse-profiles-1-e1645173478729.jpg\" \/>\n\t<meta property=\"og:image:width\" content=\"2000\" \/>\n\t<meta property=\"og:image:height\" content=\"795\" \/>\n\t<meta property=\"og:image:type\" content=\"image\/jpeg\" \/>\n<meta name=\"twitter:card\" content=\"summary_large_image\" \/>\n<meta name=\"twitter:label1\" content=\"Est. reading time\" \/>\n\t<meta name=\"twitter:data1\" content=\"2 minutes\" \/>\n<script type=\"application\/ld+json\" class=\"yoast-schema-graph\">{\"@context\":\"https:\\\/\\\/schema.org\",\"@graph\":[{\"@type\":\"WebPage\",\"@id\":\"https:\\\/\\\/compfittgroup.com\\\/en\\\/materials-and-production\\\/\",\"url\":\"https:\\\/\\\/compfittgroup.com\\\/en\\\/materials-and-production\\\/\",\"name\":\"Materials and production - COMPFITT A\\\/S\",\"isPartOf\":{\"@id\":\"https:\\\/\\\/compfittgroup.com\\\/en\\\/#website\"},\"primaryImageOfPage\":{\"@id\":\"https:\\\/\\\/compfittgroup.com\\\/en\\\/materials-and-production\\\/#primaryimage\"},\"image\":{\"@id\":\"https:\\\/\\\/compfittgroup.com\\\/en\\\/materials-and-production\\\/#primaryimage\"},\"thumbnailUrl\":\"https:\\\/\\\/compfittgroup.com\\\/wp-content\\\/uploads\\\/2022\\\/02\\\/dk-warehouse-profiles-1-e1645173478729.jpg\",\"datePublished\":\"2022-03-24T19:48:34+00:00\",\"dateModified\":\"2022-03-24T19:49:23+00:00\",\"breadcrumb\":{\"@id\":\"https:\\\/\\\/compfittgroup.com\\\/en\\\/materials-and-production\\\/#breadcrumb\"},\"inLanguage\":\"en-US\",\"potentialAction\":[{\"@type\":\"ReadAction\",\"target\":[\"https:\\\/\\\/compfittgroup.com\\\/en\\\/materials-and-production\\\/\"]}]},{\"@type\":\"ImageObject\",\"inLanguage\":\"en-US\",\"@id\":\"https:\\\/\\\/compfittgroup.com\\\/en\\\/materials-and-production\\\/#primaryimage\",\"url\":\"https:\\\/\\\/compfittgroup.com\\\/wp-content\\\/uploads\\\/2022\\\/02\\\/dk-warehouse-profiles-1-e1645173478729.jpg\",\"contentUrl\":\"https:\\\/\\\/compfittgroup.com\\\/wp-content\\\/uploads\\\/2022\\\/02\\\/dk-warehouse-profiles-1-e1645173478729.jpg\",\"width\":2000,\"height\":795},{\"@type\":\"BreadcrumbList\",\"@id\":\"https:\\\/\\\/compfittgroup.com\\\/en\\\/materials-and-production\\\/#breadcrumb\",\"itemListElement\":[{\"@type\":\"ListItem\",\"position\":1,\"name\":\"Hjem\",\"item\":\"https:\\\/\\\/compfittgroup.com\\\/en\\\/\"},{\"@type\":\"ListItem\",\"position\":2,\"name\":\"Materials and production\"}]},{\"@type\":\"WebSite\",\"@id\":\"https:\\\/\\\/compfittgroup.com\\\/en\\\/#website\",\"url\":\"https:\\\/\\\/compfittgroup.com\\\/en\\\/\",\"name\":\"COMPFITT A\\\/S\",\"description\":\"Compfitt \u2013 en datadrevet handels- og sourcingvirksomhed\",\"publisher\":{\"@id\":\"https:\\\/\\\/compfittgroup.com\\\/en\\\/#organization\"},\"potentialAction\":[{\"@type\":\"SearchAction\",\"target\":{\"@type\":\"EntryPoint\",\"urlTemplate\":\"https:\\\/\\\/compfittgroup.com\\\/en\\\/?s={search_term_string}\"},\"query-input\":{\"@type\":\"PropertyValueSpecification\",\"valueRequired\":true,\"valueName\":\"search_term_string\"}}],\"inLanguage\":\"en-US\"},{\"@type\":\"Organization\",\"@id\":\"https:\\\/\\\/compfittgroup.com\\\/en\\\/#organization\",\"name\":\"COMPFITT A\\\/S\",\"url\":\"https:\\\/\\\/compfittgroup.com\\\/en\\\/\",\"logo\":{\"@type\":\"ImageObject\",\"inLanguage\":\"en-US\",\"@id\":\"https:\\\/\\\/compfittgroup.com\\\/en\\\/#\\\/schema\\\/logo\\\/image\\\/\",\"url\":\"https:\\\/\\\/compfittgroup.com\\\/wp-content\\\/uploads\\\/2020\\\/11\\\/logo.png\",\"contentUrl\":\"https:\\\/\\\/compfittgroup.com\\\/wp-content\\\/uploads\\\/2020\\\/11\\\/logo.png\",\"width\":311,\"height\":88,\"caption\":\"COMPFITT A\\\/S\"},\"image\":{\"@id\":\"https:\\\/\\\/compfittgroup.com\\\/en\\\/#\\\/schema\\\/logo\\\/image\\\/\"}}]}<\/script>\n<!-- \/ Yoast SEO plugin. -->","yoast_head_json":{"title":"Materials and production - COMPFITT A\/S","robots":{"index":"index","follow":"follow","max-snippet":"max-snippet:-1","max-image-preview":"max-image-preview:large","max-video-preview":"max-video-preview:-1"},"canonical":"https:\/\/compfittgroup.com\/en\/materials-and-production\/","og_locale":"en_US","og_type":"article","og_title":"Materials and production - COMPFITT A\/S","og_description":"[vc_row full_width=&#8221;stretch_row&#8221;][vc_column][\/vc_column][\/vc_row][vc_row full_width=&#8221;stretch_row&#8221;][vc_column offset=&#8221;vc_col-lg-8 vc_col-md-8 vc_col-xs-12&#8243;][vc_column_text] Materials and production We manufacture components from most raw materials using many different production processes. Our core competence lies in aluminium, zinc, steel, stainless steel and even glass. We create the best possible production process based on design, application and specifications. No matter the process, we can always offer ... Read more","og_url":"https:\/\/compfittgroup.com\/en\/materials-and-production\/","og_site_name":"COMPFITT A\/S","article_modified_time":"2022-03-24T19:49:23+00:00","og_image":[{"width":2000,"height":795,"url":"https:\/\/compfittgroup.com\/wp-content\/uploads\/2022\/02\/dk-warehouse-profiles-1-e1645173478729.jpg","type":"image\/jpeg"}],"twitter_card":"summary_large_image","twitter_misc":{"Est. reading time":"2 minutes"},"schema":{"@context":"https:\/\/schema.org","@graph":[{"@type":"WebPage","@id":"https:\/\/compfittgroup.com\/en\/materials-and-production\/","url":"https:\/\/compfittgroup.com\/en\/materials-and-production\/","name":"Materials and production - COMPFITT A\/S","isPartOf":{"@id":"https:\/\/compfittgroup.com\/en\/#website"},"primaryImageOfPage":{"@id":"https:\/\/compfittgroup.com\/en\/materials-and-production\/#primaryimage"},"image":{"@id":"https:\/\/compfittgroup.com\/en\/materials-and-production\/#primaryimage"},"thumbnailUrl":"https:\/\/compfittgroup.com\/wp-content\/uploads\/2022\/02\/dk-warehouse-profiles-1-e1645173478729.jpg","datePublished":"2022-03-24T19:48:34+00:00","dateModified":"2022-03-24T19:49:23+00:00","breadcrumb":{"@id":"https:\/\/compfittgroup.com\/en\/materials-and-production\/#breadcrumb"},"inLanguage":"en-US","potentialAction":[{"@type":"ReadAction","target":["https:\/\/compfittgroup.com\/en\/materials-and-production\/"]}]},{"@type":"ImageObject","inLanguage":"en-US","@id":"https:\/\/compfittgroup.com\/en\/materials-and-production\/#primaryimage","url":"https:\/\/compfittgroup.com\/wp-content\/uploads\/2022\/02\/dk-warehouse-profiles-1-e1645173478729.jpg","contentUrl":"https:\/\/compfittgroup.com\/wp-content\/uploads\/2022\/02\/dk-warehouse-profiles-1-e1645173478729.jpg","width":2000,"height":795},{"@type":"BreadcrumbList","@id":"https:\/\/compfittgroup.com\/en\/materials-and-production\/#breadcrumb","itemListElement":[{"@type":"ListItem","position":1,"name":"Hjem","item":"https:\/\/compfittgroup.com\/en\/"},{"@type":"ListItem","position":2,"name":"Materials and production"}]},{"@type":"WebSite","@id":"https:\/\/compfittgroup.com\/en\/#website","url":"https:\/\/compfittgroup.com\/en\/","name":"COMPFITT A\/S","description":"Compfitt \u2013 en datadrevet handels- og sourcingvirksomhed","publisher":{"@id":"https:\/\/compfittgroup.com\/en\/#organization"},"potentialAction":[{"@type":"SearchAction","target":{"@type":"EntryPoint","urlTemplate":"https:\/\/compfittgroup.com\/en\/?s={search_term_string}"},"query-input":{"@type":"PropertyValueSpecification","valueRequired":true,"valueName":"search_term_string"}}],"inLanguage":"en-US"},{"@type":"Organization","@id":"https:\/\/compfittgroup.com\/en\/#organization","name":"COMPFITT A\/S","url":"https:\/\/compfittgroup.com\/en\/","logo":{"@type":"ImageObject","inLanguage":"en-US","@id":"https:\/\/compfittgroup.com\/en\/#\/schema\/logo\/image\/","url":"https:\/\/compfittgroup.com\/wp-content\/uploads\/2020\/11\/logo.png","contentUrl":"https:\/\/compfittgroup.com\/wp-content\/uploads\/2020\/11\/logo.png","width":311,"height":88,"caption":"COMPFITT A\/S"},"image":{"@id":"https:\/\/compfittgroup.com\/en\/#\/schema\/logo\/image\/"}}]}},"_links":{"self":[{"href":"https:\/\/compfittgroup.com\/en\/wp-json\/wp\/v2\/pages\/2503","targetHints":{"allow":["GET"]}}],"collection":[{"href":"https:\/\/compfittgroup.com\/en\/wp-json\/wp\/v2\/pages"}],"about":[{"href":"https:\/\/compfittgroup.com\/en\/wp-json\/wp\/v2\/types\/page"}],"author":[{"embeddable":true,"href":"https:\/\/compfittgroup.com\/en\/wp-json\/wp\/v2\/users\/1"}],"replies":[{"embeddable":true,"href":"https:\/\/compfittgroup.com\/en\/wp-json\/wp\/v2\/comments?post=2503"}],"version-history":[{"count":3,"href":"https:\/\/compfittgroup.com\/en\/wp-json\/wp\/v2\/pages\/2503\/revisions"}],"predecessor-version":[{"id":2506,"href":"https:\/\/compfittgroup.com\/en\/wp-json\/wp\/v2\/pages\/2503\/revisions\/2506"}],"wp:featuredmedia":[{"embeddable":true,"href":"https:\/\/compfittgroup.com\/en\/wp-json\/wp\/v2\/media\/2481"}],"wp:attachment":[{"href":"https:\/\/compfittgroup.com\/en\/wp-json\/wp\/v2\/media?parent=2503"}],"wp:term":[{"taxonomy":"category","embeddable":true,"href":"https:\/\/compfittgroup.com\/en\/wp-json\/wp\/v2\/categories?post=2503"}],"curies":[{"name":"wp","href":"https:\/\/api.w.org\/{rel}","templated":true}]}}